{"id":8385,"date":"2023-08-11T12:28:21","date_gmt":"2023-08-11T12:28:21","guid":{"rendered":"https:\/\/f2marquitectura.com\/politica-de-privadesa\/"},"modified":"2023-08-14T10:39:55","modified_gmt":"2023-08-14T10:39:55","slug":"politica-de-privadesa","status":"publish","type":"page","link":"https:\/\/f2marquitectura.com\/ca\/politica-de-privadesa\/","title":{"rendered":"Pol\u00edtica de privadesa"},"content":{"rendered":"\n<p>Us informem que les dades personals obtingudes mitjan\u00e7ant els formularis de contacte, aix\u00ed com la vostra adre\u00e7a de correu electr\u00f2nic, s\u00f3n incorporades a un fitxer del qual \u00e9s responsable F2M ARQUITECTURA, amb la finalitat de poder atendre les vostres consultes, i enviar-li informaci\u00f3. <\/p>\n\n<p>F2M ARQUITECTURA, es compromet a fer servir les dades recollides mitjan\u00e7ant aquest formulari, \u00fanicament amb les finalitats anteriorment esmentades. Aix\u00ed mateix, en virtut del que disposa larticle 21 de la Llei 34\/2002 de serveis de la societat de la informaci\u00f3 i de comer\u00e7 electr\u00f2nic, ens d\u00f3na el consentiment per poder enviar-li la informaci\u00f3 esmentada a trav\u00e9s del seu correu electr\u00f2nic.<\/p>\n\n<p>L&#8217;interessat declara tenir coneixement de la destinaci\u00f3 i \u00fas de les dades personals recollides mitjan\u00e7ant la lectura de la present cl\u00e0usula. L\u00b4enviament del formulari implica l\u00b4acceptaci\u00f3 de les cl\u00e0usules exposades. <\/p>\n\n<p>Si voleu exercir els drets d&#8217;acc\u00e9s, rectificaci\u00f3, cancel\u00b7laci\u00f3 o oposici\u00f3 en els termes establerts a la llei org\u00e0nica 15\/1999, podeu fer-ho a la seg\u00fcent adre\u00e7a de correu: RAMBLA DE CATALUNYA, 91-93.7-2, BARCELONA 08008.<\/p>\n","protected":false},"excerpt":{"rendered":"<p>Us informem que les dades personals obtingudes mitjan\u00e7ant els formularis de contacte, aix\u00ed com la vostra adre\u00e7a de correu electr\u00f2nic, s\u00f3n incorporades a un fitxer del qual \u00e9s responsable F2M ARQUITECTURA, amb la finalitat de poder atendre les vostres consultes, i enviar-li informaci\u00f3. F2M ARQUITECTURA, es compromet a fer servir les dades recollides mitjan\u00e7ant aquest [&hellip;]<\/p>\n","protected":false},"author":1,"featured_media":0,"parent":0,"menu_order":0,"comment_status":"closed","ping_status":"closed","template":"","meta":{"_acf_changed":false,"footnotes":""},"class_list":["post-8385","page","type-page","status-publish","hentry"],"acf":[],"yoast_head":"<!-- This site is optimized with the Yoast SEO plugin v26.0 - https:\/\/yoast.com\/wordpress\/plugins\/seo\/ -->\n<title>Pol\u00edtica de privadesa - F2M Arquitectura<\/title>\n<meta name=\"robots\" content=\"index, follow, max-snippet:-1, max-image-preview:large, max-video-preview:-1\" \/>\n<link rel=\"canonical\" href=\"https:\/\/f2marquitectura.com\/ca\/politica-de-privadesa\/\" \/>\n<meta property=\"og:locale\" content=\"ca_ES\" \/>\n<meta property=\"og:type\" content=\"article\" \/>\n<meta property=\"og:title\" content=\"Pol\u00edtica de privadesa - F2M Arquitectura\" \/>\n<meta property=\"og:description\" content=\"Us informem que les dades personals obtingudes mitjan\u00e7ant els formularis de contacte, aix\u00ed com la vostra adre\u00e7a de correu electr\u00f2nic, s\u00f3n incorporades a un fitxer del qual \u00e9s responsable F2M ARQUITECTURA, amb la finalitat de poder atendre les vostres consultes, i enviar-li informaci\u00f3. F2M ARQUITECTURA, es compromet a fer servir les dades recollides mitjan\u00e7ant aquest [&hellip;]\" \/>\n<meta property=\"og:url\" content=\"https:\/\/f2marquitectura.com\/ca\/politica-de-privadesa\/\" \/>\n<meta property=\"og:site_name\" content=\"F2M Arquitectura\" \/>\n<meta property=\"article:publisher\" content=\"https:\/\/www.facebook.com\/profile.php?id=100064622744069\" \/>\n<meta property=\"article:modified_time\" content=\"2023-08-14T10:39:55+00:00\" \/>\n<meta property=\"og:image\" content=\"https:\/\/f2marquitectura.com\/wp-content\/uploads\/2023\/04\/cropped-logo-f2m-arquitectura.png\" \/>\n\t<meta property=\"og:image:width\" content=\"434\" \/>\n\t<meta property=\"og:image:height\" content=\"58\" \/>\n\t<meta property=\"og:image:type\" content=\"image\/png\" \/>\n<meta name=\"twitter:card\" content=\"summary_large_image\" \/>\n<meta name=\"twitter:label1\" content=\"Temps estimat de lectura\" \/>\n\t<meta name=\"twitter:data1\" content=\"1 minut\" \/>\n<script type=\"application\/ld+json\" class=\"yoast-schema-graph\">{\"@context\":\"https:\/\/schema.org\",\"@graph\":[{\"@type\":\"WebPage\",\"@id\":\"https:\/\/f2marquitectura.com\/ca\/politica-de-privadesa\/\",\"url\":\"https:\/\/f2marquitectura.com\/ca\/politica-de-privadesa\/\",\"name\":\"Pol\u00edtica de privadesa - F2M Arquitectura\",\"isPartOf\":{\"@id\":\"https:\/\/f2marquitectura.com\/ca\/#website\"},\"datePublished\":\"2023-08-11T12:28:21+00:00\",\"dateModified\":\"2023-08-14T10:39:55+00:00\",\"breadcrumb\":{\"@id\":\"https:\/\/f2marquitectura.com\/ca\/politica-de-privadesa\/#breadcrumb\"},\"inLanguage\":\"ca\",\"potentialAction\":[{\"@type\":\"ReadAction\",\"target\":[\"https:\/\/f2marquitectura.com\/ca\/politica-de-privadesa\/\"]}]},{\"@type\":\"BreadcrumbList\",\"@id\":\"https:\/\/f2marquitectura.com\/ca\/politica-de-privadesa\/#breadcrumb\",\"itemListElement\":[{\"@type\":\"ListItem\",\"position\":1,\"name\":\"Portada\",\"item\":\"https:\/\/f2marquitectura.com\/ca\/inici\/\"},{\"@type\":\"ListItem\",\"position\":2,\"name\":\"Pol\u00edtica de privadesa\"}]},{\"@type\":\"WebSite\",\"@id\":\"https:\/\/f2marquitectura.com\/ca\/#website\",\"url\":\"https:\/\/f2marquitectura.com\/ca\/\",\"name\":\"F2M Arquitectura - Optimizaci\u00f3n de proyectos inmobiliarios. Calidad arquitect\u00f3nica\",\"description\":\"\",\"publisher\":{\"@id\":\"https:\/\/f2marquitectura.com\/ca\/#organization\"},\"potentialAction\":[{\"@type\":\"SearchAction\",\"target\":{\"@type\":\"EntryPoint\",\"urlTemplate\":\"https:\/\/f2marquitectura.com\/ca\/?s={search_term_string}\"},\"query-input\":{\"@type\":\"PropertyValueSpecification\",\"valueRequired\":true,\"valueName\":\"search_term_string\"}}],\"inLanguage\":\"ca\"},{\"@type\":\"Organization\",\"@id\":\"https:\/\/f2marquitectura.com\/ca\/#organization\",\"name\":\"F2M Arquitectura\",\"url\":\"https:\/\/f2marquitectura.com\/ca\/\",\"logo\":{\"@type\":\"ImageObject\",\"inLanguage\":\"ca\",\"@id\":\"https:\/\/f2marquitectura.com\/ca\/#\/schema\/logo\/image\/\",\"url\":\"https:\/\/f2marquitectura.com\/wp-content\/uploads\/2023\/04\/cropped-logo-f2m-arquitectura.png\",\"contentUrl\":\"https:\/\/f2marquitectura.com\/wp-content\/uploads\/2023\/04\/cropped-logo-f2m-arquitectura.png\",\"width\":434,\"height\":58,\"caption\":\"F2M Arquitectura\"},\"image\":{\"@id\":\"https:\/\/f2marquitectura.com\/ca\/#\/schema\/logo\/image\/\"},\"sameAs\":[\"https:\/\/www.facebook.com\/profile.php?id=100064622744069\"]}]}<\/script>\n<!-- \/ Yoast SEO plugin. -->","yoast_head_json":{"title":"Pol\u00edtica de privadesa - F2M Arquitectura","robots":{"index":"index","follow":"follow","max-snippet":"max-snippet:-1","max-image-preview":"max-image-preview:large","max-video-preview":"max-video-preview:-1"},"canonical":"https:\/\/f2marquitectura.com\/ca\/politica-de-privadesa\/","og_locale":"ca_ES","og_type":"article","og_title":"Pol\u00edtica de privadesa - F2M Arquitectura","og_description":"Us informem que les dades personals obtingudes mitjan\u00e7ant els formularis de contacte, aix\u00ed com la vostra adre\u00e7a de correu electr\u00f2nic, s\u00f3n incorporades a un fitxer del qual \u00e9s responsable F2M ARQUITECTURA, amb la finalitat de poder atendre les vostres consultes, i enviar-li informaci\u00f3. F2M ARQUITECTURA, es compromet a fer servir les dades recollides mitjan\u00e7ant aquest [&hellip;]","og_url":"https:\/\/f2marquitectura.com\/ca\/politica-de-privadesa\/","og_site_name":"F2M Arquitectura","article_publisher":"https:\/\/www.facebook.com\/profile.php?id=100064622744069","article_modified_time":"2023-08-14T10:39:55+00:00","og_image":[{"width":434,"height":58,"url":"https:\/\/f2marquitectura.com\/wp-content\/uploads\/2023\/04\/cropped-logo-f2m-arquitectura.png","type":"image\/png"}],"twitter_card":"summary_large_image","twitter_misc":{"Temps estimat de lectura":"1 minut"},"schema":{"@context":"https:\/\/schema.org","@graph":[{"@type":"WebPage","@id":"https:\/\/f2marquitectura.com\/ca\/politica-de-privadesa\/","url":"https:\/\/f2marquitectura.com\/ca\/politica-de-privadesa\/","name":"Pol\u00edtica de privadesa - F2M Arquitectura","isPartOf":{"@id":"https:\/\/f2marquitectura.com\/ca\/#website"},"datePublished":"2023-08-11T12:28:21+00:00","dateModified":"2023-08-14T10:39:55+00:00","breadcrumb":{"@id":"https:\/\/f2marquitectura.com\/ca\/politica-de-privadesa\/#breadcrumb"},"inLanguage":"ca","potentialAction":[{"@type":"ReadAction","target":["https:\/\/f2marquitectura.com\/ca\/politica-de-privadesa\/"]}]},{"@type":"BreadcrumbList","@id":"https:\/\/f2marquitectura.com\/ca\/politica-de-privadesa\/#breadcrumb","itemListElement":[{"@type":"ListItem","position":1,"name":"Portada","item":"https:\/\/f2marquitectura.com\/ca\/inici\/"},{"@type":"ListItem","position":2,"name":"Pol\u00edtica de privadesa"}]},{"@type":"WebSite","@id":"https:\/\/f2marquitectura.com\/ca\/#website","url":"https:\/\/f2marquitectura.com\/ca\/","name":"F2M Arquitectura - Optimizaci\u00f3n de proyectos inmobiliarios. Calidad arquitect\u00f3nica","description":"","publisher":{"@id":"https:\/\/f2marquitectura.com\/ca\/#organization"},"potentialAction":[{"@type":"SearchAction","target":{"@type":"EntryPoint","urlTemplate":"https:\/\/f2marquitectura.com\/ca\/?s={search_term_string}"},"query-input":{"@type":"PropertyValueSpecification","valueRequired":true,"valueName":"search_term_string"}}],"inLanguage":"ca"},{"@type":"Organization","@id":"https:\/\/f2marquitectura.com\/ca\/#organization","name":"F2M Arquitectura","url":"https:\/\/f2marquitectura.com\/ca\/","logo":{"@type":"ImageObject","inLanguage":"ca","@id":"https:\/\/f2marquitectura.com\/ca\/#\/schema\/logo\/image\/","url":"https:\/\/f2marquitectura.com\/wp-content\/uploads\/2023\/04\/cropped-logo-f2m-arquitectura.png","contentUrl":"https:\/\/f2marquitectura.com\/wp-content\/uploads\/2023\/04\/cropped-logo-f2m-arquitectura.png","width":434,"height":58,"caption":"F2M Arquitectura"},"image":{"@id":"https:\/\/f2marquitectura.com\/ca\/#\/schema\/logo\/image\/"},"sameAs":["https:\/\/www.facebook.com\/profile.php?id=100064622744069"]}]}},"_links":{"self":[{"href":"https:\/\/f2marquitectura.com\/ca\/wp-json\/wp\/v2\/pages\/8385","targetHints":{"allow":["GET"]}}],"collection":[{"href":"https:\/\/f2marquitectura.com\/ca\/wp-json\/wp\/v2\/pages"}],"about":[{"href":"https:\/\/f2marquitectura.com\/ca\/wp-json\/wp\/v2\/types\/page"}],"author":[{"embeddable":true,"href":"https:\/\/f2marquitectura.com\/ca\/wp-json\/wp\/v2\/users\/1"}],"replies":[{"embeddable":true,"href":"https:\/\/f2marquitectura.com\/ca\/wp-json\/wp\/v2\/comments?post=8385"}],"version-history":[{"count":1,"href":"https:\/\/f2marquitectura.com\/ca\/wp-json\/wp\/v2\/pages\/8385\/revisions"}],"predecessor-version":[{"id":8386,"href":"https:\/\/f2marquitectura.com\/ca\/wp-json\/wp\/v2\/pages\/8385\/revisions\/8386"}],"wp:attachment":[{"href":"https:\/\/f2marquitectura.com\/ca\/wp-json\/wp\/v2\/media?parent=8385"}],"curies":[{"name":"wp","href":"https:\/\/api.w.org\/{rel}","templated":true}]}}