{"id":7743,"date":"2023-04-05T19:22:07","date_gmt":"2023-04-05T18:22:07","guid":{"rendered":"https:\/\/f2marquitectura.com\/contacte\/"},"modified":"2023-11-16T18:47:10","modified_gmt":"2023-11-16T17:47:10","slug":"contacte","status":"publish","type":"page","link":"https:\/\/f2marquitectura.com\/ca\/contacte\/","title":{"rendered":"Contacte"},"content":{"rendered":"\t\t<div data-elementor-type=\"wp-page\" data-elementor-id=\"7743\" class=\"elementor elementor-7743 elementor-41\" data-elementor-post-type=\"page\">\n\t\t\t\t\t\t<section class=\"elementor-section elementor-top-section elementor-element elementor-element-352ac1b5 elementor-section-full_width elementor-section-height-default elementor-section-height-default\" data-id=\"352ac1b5\" data-element_type=\"section\">\n\t\t\t\t\t\t<div class=\"elementor-container elementor-column-gap-default\">\n\t\t\t\t\t<div class=\"elementor-column elementor-col-50 elementor-top-column elementor-element elementor-element-16f05e43\" data-id=\"16f05e43\" data-element_type=\"column\">\n\t\t\t<div class=\"elementor-widget-wrap elementor-element-populated\">\n\t\t\t\t\t\t<div class=\"elementor-element elementor-element-6d4353f7 elementor-widget elementor-widget-heading\" data-id=\"6d4353f7\" data-element_type=\"widget\" data-widget_type=\"heading.default\">\n\t\t\t\t<div class=\"elementor-widget-container\">\n\t\t\t\t\t<h1 class=\"elementor-heading-title elementor-size-default\">Contacta, <strong>F2M<\/strong>ARQUITECTURA<\/h1>\t\t\t\t<\/div>\n\t\t\t\t<\/div>\n\t\t\t\t\t<\/div>\n\t\t<\/div>\n\t\t\t\t<div class=\"elementor-column elementor-col-50 elementor-top-column elementor-element elementor-element-5d2dbce6\" data-id=\"5d2dbce6\" data-element_type=\"column\">\n\t\t\t<div class=\"elementor-widget-wrap elementor-element-populated\">\n\t\t\t\t\t\t<div class=\"elementor-element elementor-element-3438c20c elementor-widget elementor-widget-text-editor\" data-id=\"3438c20c\" data-element_type=\"widget\" data-widget_type=\"text-editor.default\">\n\t\t\t\t<div class=\"elementor-widget-container\">\n\t\t\t\t\t\t\t\t\t<p>Estem encantats de respondre qualsevol dubte. Volem assegurar-nos de brindar-te la millor experi\u00e8ncia possible.<\/p>\n\t\t\t\t\t\t\t\t<\/div>\n\t\t\t\t<\/div>\n\t\t\t\t\t<\/div>\n\t\t<\/div>\n\t\t\t\t\t<\/div>\n\t\t<\/section>\n\t\t\t\t<section class=\"elementor-section elementor-top-section elementor-element elementor-element-5415612c elementor-section-full_width elementor-section-height-default elementor-section-height-default\" data-id=\"5415612c\" data-element_type=\"section\">\n\t\t\t\t\t\t<div class=\"elementor-container elementor-column-gap-default\">\n\t\t\t\t\t<div class=\"elementor-column elementor-col-100 elementor-top-column elementor-element elementor-element-5d9faa22\" data-id=\"5d9faa22\" data-element_type=\"column\">\n\t\t\t<div class=\"elementor-widget-wrap elementor-element-populated\">\n\t\t\t\t\t\t<div class=\"elementor-element elementor-element-84bcb63 elementor-widget elementor-widget-google_maps\" data-id=\"84bcb63\" data-element_type=\"widget\" data-widget_type=\"google_maps.default\">\n\t\t\t\t<div class=\"elementor-widget-container\">\n\t\t\t\t\t\t\t<div class=\"elementor-custom-embed\">\n\t\t\t<iframe loading=\"lazy\"\n\t\t\t\t\tsrc=\"https:\/\/maps.google.com\/maps?q=RAMBLA%20DE%20CATALUNYA%2C%2091-93.7-2%2C&#038;t=m&#038;z=15&#038;output=embed&#038;iwloc=near\"\n\t\t\t\t\ttitle=\"RAMBLA DE CATALUNYA, 91-93.7-2,\"\n\t\t\t\t\taria-label=\"RAMBLA DE CATALUNYA, 91-93.7-2,\"\n\t\t\t><\/iframe>\n\t\t<\/div>\n\t\t\t\t\t\t<\/div>\n\t\t\t\t<\/div>\n\t\t\t\t\t<\/div>\n\t\t<\/div>\n\t\t\t\t\t<\/div>\n\t\t<\/section>\n\t\t\t\t<section class=\"elementor-section elementor-top-section elementor-element elementor-element-29c13ec5 elementor-section-full_width elementor-section-height-default elementor-section-height-default\" data-id=\"29c13ec5\" data-element_type=\"section\">\n\t\t\t\t\t\t<div class=\"elementor-container elementor-column-gap-default\">\n\t\t\t\t\t<div class=\"elementor-column elementor-col-33 elementor-top-column elementor-element elementor-element-16ee427a\" data-id=\"16ee427a\" data-element_type=\"column\">\n\t\t\t<div class=\"elementor-widget-wrap elementor-element-populated\">\n\t\t\t\t\t\t<div class=\"elementor-element elementor-element-77e82bf elementor-widget elementor-widget-heading\" data-id=\"77e82bf\" data-element_type=\"widget\" data-widget_type=\"heading.default\">\n\t\t\t\t<div class=\"elementor-widget-container\">\n\t\t\t\t\t<h2 class=\"elementor-heading-title elementor-size-default\">adre\u00e7a<\/h2>\t\t\t\t<\/div>\n\t\t\t\t<\/div>\n\t\t\t\t<div class=\"elementor-element elementor-element-f32cce8 elementor-invisible elementor-widget elementor-widget-heading\" data-id=\"f32cce8\" data-element_type=\"widget\" data-settings=\"{&quot;_animation&quot;:&quot;fadeInUp&quot;}\" data-widget_type=\"heading.default\">\n\t\t\t\t<div class=\"elementor-widget-container\">\n\t\t\t\t\t<h2 class=\"elementor-heading-title elementor-size-default\">RAMBLA DE CATALUNYA, 91-93.7-2,<br>\nBARCELONA 08008<\/h2>\t\t\t\t<\/div>\n\t\t\t\t<\/div>\n\t\t\t\t\t<\/div>\n\t\t<\/div>\n\t\t\t\t<div class=\"elementor-column elementor-col-33 elementor-top-column elementor-element elementor-element-4f5b5c6d\" data-id=\"4f5b5c6d\" data-element_type=\"column\">\n\t\t\t<div class=\"elementor-widget-wrap elementor-element-populated\">\n\t\t\t\t\t\t<div class=\"elementor-element elementor-element-35cf5775 elementor-widget elementor-widget-heading\" data-id=\"35cf5775\" data-element_type=\"widget\" data-widget_type=\"heading.default\">\n\t\t\t\t<div class=\"elementor-widget-container\">\n\t\t\t\t\t<h2 class=\"elementor-heading-title elementor-size-default\">Tel\u00e9fon <\/h2>\t\t\t\t<\/div>\n\t\t\t\t<\/div>\n\t\t\t\t<div class=\"elementor-element elementor-element-6ebb76ba elementor-invisible elementor-widget elementor-widget-heading\" data-id=\"6ebb76ba\" data-element_type=\"widget\" data-settings=\"{&quot;_animation&quot;:&quot;fadeInUp&quot;}\" data-widget_type=\"heading.default\">\n\t\t\t\t<div class=\"elementor-widget-container\">\n\t\t\t\t\t<h2 class=\"elementor-heading-title elementor-size-default\">(+34) 933 181 172<\/h2>\t\t\t\t<\/div>\n\t\t\t\t<\/div>\n\t\t\t\t\t<\/div>\n\t\t<\/div>\n\t\t\t\t<div class=\"elementor-column elementor-col-33 elementor-top-column elementor-element elementor-element-3224bf64\" data-id=\"3224bf64\" data-element_type=\"column\">\n\t\t\t<div class=\"elementor-widget-wrap elementor-element-populated\">\n\t\t\t\t\t\t<div class=\"elementor-element elementor-element-61dcf8d2 elementor-widget elementor-widget-heading\" data-id=\"61dcf8d2\" data-element_type=\"widget\" data-widget_type=\"heading.default\">\n\t\t\t\t<div class=\"elementor-widget-container\">\n\t\t\t\t\t<h2 class=\"elementor-heading-title elementor-size-default\">Email<\/h2>\t\t\t\t<\/div>\n\t\t\t\t<\/div>\n\t\t\t\t<div class=\"elementor-element elementor-element-606ea743 elementor-invisible elementor-widget elementor-widget-heading\" data-id=\"606ea743\" data-element_type=\"widget\" data-settings=\"{&quot;_animation&quot;:&quot;fadeInUp&quot;}\" data-widget_type=\"heading.default\">\n\t\t\t\t<div class=\"elementor-widget-container\">\n\t\t\t\t\t<h2 class=\"elementor-heading-title elementor-size-default\">info@f2marquitectura.com<\/h2>\t\t\t\t<\/div>\n\t\t\t\t<\/div>\n\t\t\t\t\t<\/div>\n\t\t<\/div>\n\t\t\t\t\t<\/div>\n\t\t<\/section>\n\t\t\t\t<section class=\"elementor-section elementor-top-section elementor-element elementor-element-60f21171 elementor-section-full_width elementor-section-height-default elementor-section-height-default\" data-id=\"60f21171\" data-element_type=\"section\">\n\t\t\t\t\t\t<div class=\"elementor-container elementor-column-gap-default\">\n\t\t\t\t\t<div class=\"elementor-column elementor-col-50 elementor-top-column elementor-element elementor-element-437c667c\" data-id=\"437c667c\" data-element_type=\"column\">\n\t\t\t<div class=\"elementor-widget-wrap elementor-element-populated\">\n\t\t\t\t\t\t<section class=\"elementor-section elementor-inner-section elementor-element elementor-element-3bc5db1e elementor-section-height-min-height elementor-section-boxed elementor-section-height-default\" data-id=\"3bc5db1e\" data-element_type=\"section\">\n\t\t\t\t\t\t<div class=\"elementor-container elementor-column-gap-default\">\n\t\t\t\t\t<div class=\"elementor-column elementor-col-100 elementor-inner-column elementor-element elementor-element-58f526b3\" data-id=\"58f526b3\" data-element_type=\"column\">\n\t\t\t<div class=\"elementor-widget-wrap elementor-element-populated\">\n\t\t\t\t\t\t<div class=\"elementor-element elementor-element-25c26c21 elementor-widget elementor-widget-text-editor\" data-id=\"25c26c21\" data-element_type=\"widget\" data-widget_type=\"text-editor.default\">\n\t\t\t\t<div class=\"elementor-widget-container\">\n\t\t\t\t\t\t\t\t\tM\u00e9s\n<strong>Informaci\u00f3<\/strong>\t\t\t\t\t\t\t\t<\/div>\n\t\t\t\t<\/div>\n\t\t\t\t\t<\/div>\n\t\t<\/div>\n\t\t\t\t\t<\/div>\n\t\t<\/section>\n\t\t\t\t\t<\/div>\n\t\t<\/div>\n\t\t\t\t<div class=\"elementor-column elementor-col-50 elementor-top-column elementor-element elementor-element-a1ce1e2\" data-id=\"a1ce1e2\" data-element_type=\"column\">\n\t\t\t<div class=\"elementor-widget-wrap elementor-element-populated\">\n\t\t\t\t\t\t<div class=\"elementor-element elementor-element-227861ef elementor-button-align-end elementor-widget elementor-widget-form\" data-id=\"227861ef\" data-element_type=\"widget\" data-settings=\"{&quot;step_next_label&quot;:&quot;Pr\\u00f2xim&quot;,&quot;step_previous_label&quot;:&quot;Anterior&quot;,&quot;button_width&quot;:&quot;100&quot;,&quot;step_type&quot;:&quot;number_text&quot;,&quot;step_icon_shape&quot;:&quot;circle&quot;}\" data-widget_type=\"form.default\">\n\t\t\t\t<div class=\"elementor-widget-container\">\n\t\t\t\t\t\t\t<form class=\"elementor-form\" method=\"post\" id=\"formulario_contacto_f2m_arquitectura\" name=\"Contacte\" aria-label=\"Contacte\" novalidate=\"\">\n\t\t\t<input type=\"hidden\" name=\"post_id\" value=\"7743\"\/>\n\t\t\t<input type=\"hidden\" name=\"form_id\" value=\"227861ef\"\/>\n\t\t\t<input type=\"hidden\" name=\"referer_title\" value=\"Estudi d&#039;arquitectura a Barcelona | Contacte | F2M Arquitectura\" \/>\n\n\t\t\t\t\t\t\t<input type=\"hidden\" name=\"queried_id\" value=\"7743\"\/>\n\t\t\t\n\t\t\t<div class=\"elementor-form-fields-wrapper elementor-labels-\">\n\t\t\t\t\t\t\t\t<div class=\"elementor-field-type-text elementor-field-group elementor-column elementor-field-group-name elementor-col-100 elementor-field-required\">\n\t\t\t\t\t\t\t\t\t\t\t\t<label for=\"form-field-name\" class=\"elementor-field-label elementor-screen-only\">\n\t\t\t\t\t\t\t\tNom\t\t\t\t\t\t\t<\/label>\n\t\t\t\t\t\t\t\t\t\t\t\t\t\t<input size=\"1\" type=\"text\" name=\"form_fields[name]\" id=\"form-field-name\" class=\"elementor-field elementor-size-sm  elementor-field-textual\" placeholder=\"Nom\" required=\"required\">\n\t\t\t\t\t\t\t\t\t\t\t<\/div>\n\t\t\t\t\t\t\t\t<div class=\"elementor-field-type-tel elementor-field-group elementor-column elementor-field-group-email elementor-col-100 elementor-field-required\">\n\t\t\t\t\t\t\t\t\t\t\t\t<label for=\"form-field-email\" class=\"elementor-field-label elementor-screen-only\">\n\t\t\t\t\t\t\t\ttel\u00e9fon\t\t\t\t\t\t\t<\/label>\n\t\t\t\t\t\t\t\t<input size=\"1\" type=\"tel\" name=\"form_fields[email]\" id=\"form-field-email\" class=\"elementor-field elementor-size-sm  elementor-field-textual\" placeholder=\"Tel\u00e9fon\" required=\"required\" pattern=\"[0-9()#&amp;+*-=.]+\" title=\"Only numbers and phone characters (#, -, *, etc) are accepted.\">\n\n\t\t\t\t\t\t<\/div>\n\t\t\t\t\t\t\t\t<div class=\"elementor-field-type-email elementor-field-group elementor-column elementor-field-group-field_1 elementor-col-100 elementor-field-required\">\n\t\t\t\t\t\t\t\t\t\t\t\t<label for=\"form-field-field_1\" class=\"elementor-field-label elementor-screen-only\">\n\t\t\t\t\t\t\t\tEmail\t\t\t\t\t\t\t<\/label>\n\t\t\t\t\t\t\t\t\t\t\t\t\t\t<input size=\"1\" type=\"email\" name=\"form_fields[field_1]\" id=\"form-field-field_1\" class=\"elementor-field elementor-size-sm  elementor-field-textual\" placeholder=\"Email\" required=\"required\">\n\t\t\t\t\t\t\t\t\t\t\t<\/div>\n\t\t\t\t\t\t\t\t<div class=\"elementor-field-type-textarea elementor-field-group elementor-column elementor-field-group-field_b25efd6 elementor-col-100\">\n\t\t\t\t\t\t\t\t\t\t\t\t<label for=\"form-field-field_b25efd6\" class=\"elementor-field-label elementor-screen-only\">\n\t\t\t\t\t\t\t\tAssumpte\t\t\t\t\t\t\t<\/label>\n\t\t\t\t\t\t<textarea class=\"elementor-field-textual elementor-field  elementor-size-sm\" name=\"form_fields[field_b25efd6]\" id=\"form-field-field_b25efd6\" rows=\"4\" placeholder=\"Tens dubtes?\"><\/textarea>\t\t\t\t<\/div>\n\t\t\t\t\t\t\t\t<div class=\"elementor-field-type-text\">\n\t\t\t\t\t<input size=\"1\" type=\"text\" name=\"form_fields[field_fac6865]\" id=\"form-field-field_fac6865\" class=\"elementor-field elementor-size-sm \" style=\"display:none !important;\">\t\t\t\t<\/div>\n\t\t\t\t\t\t\t\t<div class=\"elementor-field-type-acceptance elementor-field-group elementor-column elementor-field-group-field_de451dc elementor-col-100 elementor-field-required\">\n\t\t\t\t\t\t\t\t\t\t\t\t<label for=\"form-field-field_de451dc\" class=\"elementor-field-label elementor-screen-only\">\n\t\t\t\t\t\t\t\tPol\u00edtica de privadesa\t\t\t\t\t\t\t<\/label>\n\t\t\t\t\t\t\t\t<div class=\"elementor-field-subgroup\">\n\t\t\t<span class=\"elementor-field-option\">\n\t\t\t\t<input type=\"checkbox\" name=\"form_fields[field_de451dc]\" id=\"form-field-field_de451dc\" class=\"elementor-field elementor-size-sm  elementor-acceptance-field\" required=\"required\">\n\t\t\t\t<label for=\"form-field-field_de451dc\">He llegit i accepto la <a href=\"https:\/\/f2marquitectura.com\/ca\/politica-de-privadesa\/\" target=\"_blank\">pol\u00edtica de privadesa.<\/a><\/label>\t\t\t<\/span>\n\t\t<\/div>\n\t\t\t\t\t\t<\/div>\n\t\t\t\t\t\t\t\t<div class=\"elementor-field-group elementor-column elementor-field-type-submit elementor-col-100 e-form__buttons\">\n\t\t\t\t\t<button class=\"elementor-button elementor-size-md\" type=\"submit\">\n\t\t\t\t\t\t<span class=\"elementor-button-content-wrapper\">\n\t\t\t\t\t\t\t\t\t\t\t\t\t\t\t\t\t\t\t\t\t\t<span class=\"elementor-button-text\">Enviar<\/span>\n\t\t\t\t\t\t\t\t\t\t\t\t\t<\/span>\n\t\t\t\t\t<\/button>\n\t\t\t\t<\/div>\n\t\t\t<\/div>\n\t\t<\/form>\n\t\t\t\t\t\t<\/div>\n\t\t\t\t<\/div>\n\t\t\t\t\t<\/div>\n\t\t<\/div>\n\t\t\t\t\t<\/div>\n\t\t<\/section>\n\t\t\t\t<\/div>\n\t\t","protected":false},"excerpt":{"rendered":"<p>Contacta, F2MARQUITECTURA Estem encantats de respondre qualsevol dubte. Volem assegurar-nos de brindar-te la millor experi\u00e8ncia possible. adre\u00e7a RAMBLA DE CATALUNYA, 91-93.7-2, BARCELONA 08008 Tel\u00e9fon (+34) 933 181 172 Email info@f2marquitectura.com M\u00e9s Informaci\u00f3<\/p>\n","protected":false},"author":1,"featured_media":0,"parent":0,"menu_order":0,"comment_status":"closed","ping_status":"closed","template":"elementor_header_footer","meta":{"_acf_changed":false,"footnotes":""},"class_list":["post-7743","page","type-page","status-publish","hentry"],"acf":[],"yoast_head":"<!-- This site is optimized with the Yoast SEO plugin v26.0 - https:\/\/yoast.com\/wordpress\/plugins\/seo\/ -->\n<title>Estudi d&#039;arquitectura a Barcelona | Contacte | F2M Arquitectura<\/title>\n<meta name=\"description\" content=\"No dubteu a posar-vos en contacte amb el nostre estudi d&#039;arquitectura a Barcelona. Esperem col\u00b7laborar en els teus projectes, explica&#039;ns!\" \/>\n<meta name=\"robots\" content=\"index, follow, max-snippet:-1, max-image-preview:large, max-video-preview:-1\" \/>\n<link rel=\"canonical\" href=\"https:\/\/f2marquitectura.com\/ca\/contacte\/\" \/>\n<meta property=\"og:locale\" content=\"ca_ES\" \/>\n<meta property=\"og:type\" content=\"article\" \/>\n<meta property=\"og:title\" content=\"Estudi d&#039;arquitectura a Barcelona | Contacte | F2M Arquitectura\" \/>\n<meta property=\"og:description\" content=\"No dubteu a posar-vos en contacte amb el nostre estudi d&#039;arquitectura a Barcelona. Esperem col\u00b7laborar en els teus projectes, explica&#039;ns!\" \/>\n<meta property=\"og:url\" content=\"https:\/\/f2marquitectura.com\/ca\/contacte\/\" \/>\n<meta property=\"og:site_name\" content=\"F2M Arquitectura\" \/>\n<meta property=\"article:publisher\" content=\"https:\/\/www.facebook.com\/profile.php?id=100064622744069\" \/>\n<meta property=\"article:modified_time\" content=\"2023-11-16T17:47:10+00:00\" \/>\n<meta property=\"og:image\" content=\"https:\/\/f2marquitectura.com\/wp-content\/uploads\/2023\/04\/cropped-logo-f2m-arquitectura.png\" \/>\n\t<meta property=\"og:image:width\" content=\"434\" \/>\n\t<meta property=\"og:image:height\" content=\"58\" \/>\n\t<meta property=\"og:image:type\" content=\"image\/png\" \/>\n<meta name=\"twitter:card\" content=\"summary_large_image\" \/>\n<script type=\"application\/ld+json\" class=\"yoast-schema-graph\">{\"@context\":\"https:\/\/schema.org\",\"@graph\":[{\"@type\":\"WebPage\",\"@id\":\"https:\/\/f2marquitectura.com\/ca\/contacte\/\",\"url\":\"https:\/\/f2marquitectura.com\/ca\/contacte\/\",\"name\":\"Estudi d'arquitectura a Barcelona | Contacte | F2M Arquitectura\",\"isPartOf\":{\"@id\":\"https:\/\/f2marquitectura.com\/ca\/#website\"},\"datePublished\":\"2023-04-05T18:22:07+00:00\",\"dateModified\":\"2023-11-16T17:47:10+00:00\",\"description\":\"No dubteu a posar-vos en contacte amb el nostre estudi d'arquitectura a Barcelona. Esperem col\u00b7laborar en els teus projectes, explica'ns!\",\"breadcrumb\":{\"@id\":\"https:\/\/f2marquitectura.com\/ca\/contacte\/#breadcrumb\"},\"inLanguage\":\"ca\",\"potentialAction\":[{\"@type\":\"ReadAction\",\"target\":[\"https:\/\/f2marquitectura.com\/ca\/contacte\/\"]}]},{\"@type\":\"BreadcrumbList\",\"@id\":\"https:\/\/f2marquitectura.com\/ca\/contacte\/#breadcrumb\",\"itemListElement\":[{\"@type\":\"ListItem\",\"position\":1,\"name\":\"Portada\",\"item\":\"https:\/\/f2marquitectura.com\/ca\/inici\/\"},{\"@type\":\"ListItem\",\"position\":2,\"name\":\"Contacte\"}]},{\"@type\":\"WebSite\",\"@id\":\"https:\/\/f2marquitectura.com\/ca\/#website\",\"url\":\"https:\/\/f2marquitectura.com\/ca\/\",\"name\":\"F2M Arquitectura - Optimizaci\u00f3n de proyectos inmobiliarios. Calidad arquitect\u00f3nica\",\"description\":\"\",\"publisher\":{\"@id\":\"https:\/\/f2marquitectura.com\/ca\/#organization\"},\"potentialAction\":[{\"@type\":\"SearchAction\",\"target\":{\"@type\":\"EntryPoint\",\"urlTemplate\":\"https:\/\/f2marquitectura.com\/ca\/?s={search_term_string}\"},\"query-input\":{\"@type\":\"PropertyValueSpecification\",\"valueRequired\":true,\"valueName\":\"search_term_string\"}}],\"inLanguage\":\"ca\"},{\"@type\":\"Organization\",\"@id\":\"https:\/\/f2marquitectura.com\/ca\/#organization\",\"name\":\"F2M Arquitectura\",\"url\":\"https:\/\/f2marquitectura.com\/ca\/\",\"logo\":{\"@type\":\"ImageObject\",\"inLanguage\":\"ca\",\"@id\":\"https:\/\/f2marquitectura.com\/ca\/#\/schema\/logo\/image\/\",\"url\":\"https:\/\/f2marquitectura.com\/wp-content\/uploads\/2023\/04\/cropped-logo-f2m-arquitectura.png\",\"contentUrl\":\"https:\/\/f2marquitectura.com\/wp-content\/uploads\/2023\/04\/cropped-logo-f2m-arquitectura.png\",\"width\":434,\"height\":58,\"caption\":\"F2M Arquitectura\"},\"image\":{\"@id\":\"https:\/\/f2marquitectura.com\/ca\/#\/schema\/logo\/image\/\"},\"sameAs\":[\"https:\/\/www.facebook.com\/profile.php?id=100064622744069\"]}]}<\/script>\n<!-- \/ Yoast SEO plugin. -->","yoast_head_json":{"title":"Estudi d'arquitectura a Barcelona | Contacte | F2M Arquitectura","description":"No dubteu a posar-vos en contacte amb el nostre estudi d'arquitectura a Barcelona. Esperem col\u00b7laborar en els teus projectes, explica'ns!","robots":{"index":"index","follow":"follow","max-snippet":"max-snippet:-1","max-image-preview":"max-image-preview:large","max-video-preview":"max-video-preview:-1"},"canonical":"https:\/\/f2marquitectura.com\/ca\/contacte\/","og_locale":"ca_ES","og_type":"article","og_title":"Estudi d'arquitectura a Barcelona | Contacte | F2M Arquitectura","og_description":"No dubteu a posar-vos en contacte amb el nostre estudi d'arquitectura a Barcelona. Esperem col\u00b7laborar en els teus projectes, explica'ns!","og_url":"https:\/\/f2marquitectura.com\/ca\/contacte\/","og_site_name":"F2M Arquitectura","article_publisher":"https:\/\/www.facebook.com\/profile.php?id=100064622744069","article_modified_time":"2023-11-16T17:47:10+00:00","og_image":[{"width":434,"height":58,"url":"https:\/\/f2marquitectura.com\/wp-content\/uploads\/2023\/04\/cropped-logo-f2m-arquitectura.png","type":"image\/png"}],"twitter_card":"summary_large_image","schema":{"@context":"https:\/\/schema.org","@graph":[{"@type":"WebPage","@id":"https:\/\/f2marquitectura.com\/ca\/contacte\/","url":"https:\/\/f2marquitectura.com\/ca\/contacte\/","name":"Estudi d'arquitectura a Barcelona | Contacte | F2M Arquitectura","isPartOf":{"@id":"https:\/\/f2marquitectura.com\/ca\/#website"},"datePublished":"2023-04-05T18:22:07+00:00","dateModified":"2023-11-16T17:47:10+00:00","description":"No dubteu a posar-vos en contacte amb el nostre estudi d'arquitectura a Barcelona. Esperem col\u00b7laborar en els teus projectes, explica'ns!","breadcrumb":{"@id":"https:\/\/f2marquitectura.com\/ca\/contacte\/#breadcrumb"},"inLanguage":"ca","potentialAction":[{"@type":"ReadAction","target":["https:\/\/f2marquitectura.com\/ca\/contacte\/"]}]},{"@type":"BreadcrumbList","@id":"https:\/\/f2marquitectura.com\/ca\/contacte\/#breadcrumb","itemListElement":[{"@type":"ListItem","position":1,"name":"Portada","item":"https:\/\/f2marquitectura.com\/ca\/inici\/"},{"@type":"ListItem","position":2,"name":"Contacte"}]},{"@type":"WebSite","@id":"https:\/\/f2marquitectura.com\/ca\/#website","url":"https:\/\/f2marquitectura.com\/ca\/","name":"F2M Arquitectura - Optimizaci\u00f3n de proyectos inmobiliarios. Calidad arquitect\u00f3nica","description":"","publisher":{"@id":"https:\/\/f2marquitectura.com\/ca\/#organization"},"potentialAction":[{"@type":"SearchAction","target":{"@type":"EntryPoint","urlTemplate":"https:\/\/f2marquitectura.com\/ca\/?s={search_term_string}"},"query-input":{"@type":"PropertyValueSpecification","valueRequired":true,"valueName":"search_term_string"}}],"inLanguage":"ca"},{"@type":"Organization","@id":"https:\/\/f2marquitectura.com\/ca\/#organization","name":"F2M Arquitectura","url":"https:\/\/f2marquitectura.com\/ca\/","logo":{"@type":"ImageObject","inLanguage":"ca","@id":"https:\/\/f2marquitectura.com\/ca\/#\/schema\/logo\/image\/","url":"https:\/\/f2marquitectura.com\/wp-content\/uploads\/2023\/04\/cropped-logo-f2m-arquitectura.png","contentUrl":"https:\/\/f2marquitectura.com\/wp-content\/uploads\/2023\/04\/cropped-logo-f2m-arquitectura.png","width":434,"height":58,"caption":"F2M Arquitectura"},"image":{"@id":"https:\/\/f2marquitectura.com\/ca\/#\/schema\/logo\/image\/"},"sameAs":["https:\/\/www.facebook.com\/profile.php?id=100064622744069"]}]}},"_links":{"self":[{"href":"https:\/\/f2marquitectura.com\/ca\/wp-json\/wp\/v2\/pages\/7743","targetHints":{"allow":["GET"]}}],"collection":[{"href":"https:\/\/f2marquitectura.com\/ca\/wp-json\/wp\/v2\/pages"}],"about":[{"href":"https:\/\/f2marquitectura.com\/ca\/wp-json\/wp\/v2\/types\/page"}],"author":[{"embeddable":true,"href":"https:\/\/f2marquitectura.com\/ca\/wp-json\/wp\/v2\/users\/1"}],"replies":[{"embeddable":true,"href":"https:\/\/f2marquitectura.com\/ca\/wp-json\/wp\/v2\/comments?post=7743"}],"version-history":[{"count":6,"href":"https:\/\/f2marquitectura.com\/ca\/wp-json\/wp\/v2\/pages\/7743\/revisions"}],"predecessor-version":[{"id":9049,"href":"https:\/\/f2marquitectura.com\/ca\/wp-json\/wp\/v2\/pages\/7743\/revisions\/9049"}],"wp:attachment":[{"href":"https:\/\/f2marquitectura.com\/ca\/wp-json\/wp\/v2\/media?parent=7743"}],"curies":[{"name":"wp","href":"https:\/\/api.w.org\/{rel}","templated":true}]}}